{"id":3,"date":"2024-10-17T08:22:35","date_gmt":"2024-10-17T08:22:35","guid":{"rendered":"https:\/\/www.cooimancapital.com\/?page_id=3"},"modified":"2026-01-29T09:39:50","modified_gmt":"2026-01-29T08:39:50","slug":"privacybeleid","status":"publish","type":"page","link":"https:\/\/www.cooimancapital.com\/es\/privacybeleid\/","title":{"rendered":"Privacybeleid"},"content":{"rendered":"<div data-elementor-type=\"wp-page\" data-elementor-id=\"3\" class=\"elementor elementor-3\" data-elementor-post-type=\"page\">\n\t\t\t\t<div class=\"elementor-element elementor-element-243157c0 e-flex e-con-boxed e-con e-parent\" data-id=\"243157c0\" data-element_type=\"container\" data-e-type=\"container\">\n\t\t\t\t\t<div class=\"e-con-inner\">\n\t\t\t\t<div class=\"elementor-element elementor-element-30a02a0 elementor-widget elementor-widget-heading\" data-id=\"30a02a0\" data-element_type=\"widget\" data-e-type=\"widget\" data-widget_type=\"heading.default\">\n\t\t\t\t<div class=\"elementor-widget-container\">\n\t\t\t\t\t<h2 class=\"elementor-heading-title elementor-size-default\">Pol\u00edtica de privacidad Cooiman Capital<\/h2>\t\t\t\t<\/div>\n\t\t\t\t<\/div>\n\t\t\t\t<div class=\"elementor-element elementor-element-60747318 elementor-widget elementor-widget-text-editor\" data-id=\"60747318\" data-element_type=\"widget\" data-e-type=\"widget\" data-widget_type=\"text-editor.default\">\n\t\t\t\t<div class=\"elementor-widget-container\">\n\t\t\t\t\t\t\t\t\t<p class=\"p3\">De conformidad con los principios de legalidad, correcci\u00f3n y transparencia, ponemos a su disposici\u00f3n nuestra Pol\u00edtica de Privacidad.<span class=\"Apple-converted-space\">\u00a0 <\/span><\/p>\n<h3><b><br \/>\u00bfQui\u00e9n es responsable del tratamiento de sus datos?<\/b><\/h3>\n<p class=\"p4\"><b>Controlador<\/b><b><\/b><\/p>\n<p class=\"p3\">Cooiman Capital Real Estate, S.L.<\/p>\n<p class=\"p4\"><b>NIF<\/b><b><\/b><\/p>\n<p class=\"p3\">B19787175<\/p>\n<p class=\"p4\"><b>Sede estatutaria<\/b><b><\/b><\/p>\n<p class=\"p3\">Avda. Parque Selwo, calle Lima Local 1<\/p>\n<p class=\"p3\">29689 Estepona, M\u00e1laga<\/p>\n<p class=\"p3\">Espa\u00f1a<\/p>\n<p class=\"p4\"><b>P\u00f3ngase en contacto con<\/b><b><\/b><\/p>\n<p class=\"p3\">Correo electr\u00f3nico: info@cooimancapital.com<\/p>\n<p class=\"p3\">Tel\u00e9fono: +34 650 60 30 46<\/p>\n<h3><b><br \/>\u00bfCon qu\u00e9 fin tratamos sus datos personales?<\/b><\/h3>\n<p class=\"p3\">Cooiman Capital Real Estate, S.L. trata los datos personales facilitados por usted, en funci\u00f3n del tipo de interesado, para las siguientes finalidades:<\/p>\n<p class=\"p4\"><b>Clientes potenciales<\/b><b><\/b><\/p>\n<p class=\"p3\">Gestionar una posible relaci\u00f3n comercial y\/o profesional, atender solicitudes de informaci\u00f3n y consultas, y realizar ofertas de nuestros servicios y\/o productos que puedan ser de su inter\u00e9s.<\/p>\n<p class=\"p4\"><b>Clientes<\/b><b><\/b><\/p>\n<p class=\"p3\">Gestionar la relaci\u00f3n comercial y\/o profesional y realizar ofertas de nuestros servicios y\/o productos.<\/p>\n<p class=\"p4\"><b>Proveedores<\/b><b><\/b><\/p>\n<p class=\"p3\">Gestionar la relaci\u00f3n comercial y\/o profesional.<\/p>\n<p class=\"p4\"><b>Candidatos<\/b><b><\/b><\/p>\n<p class=\"p3\">Gesti\u00f3n del proceso de contrataci\u00f3n y selecci\u00f3n.<\/p>\n<h3><b><br \/>\u00bfCu\u00e1l es la base jur\u00eddica para el tratamiento de sus datos?<\/b><\/h3>\n<p class=\"p3\">La base jur\u00eddica para el tratamiento de sus datos personales, en funci\u00f3n del tipo de interesado, es la siguiente:<\/p>\n<p class=\"p4\"><b>Clientes potenciales<\/b><b><\/b><\/p>\n<p class=\"p3\">- Art\u00edculo 6(1)(b) AVG: realizaci\u00f3n de medidas precontractuales a petici\u00f3n del interesado (como ofertas y solicitudes).<\/p>\n<p class=\"p3\">- Art\u00edculo 6(1)(f) AVG: inter\u00e9s leg\u00edtimo (por ejemplo, responder a preguntas y facilitar la informaci\u00f3n solicitada).<\/p>\n<p class=\"p3\">- Art\u00edculo 6(1)(a) AVG: consentimiento del interesado (para recibir ofertas).<\/p>\n<p class=\"p4\"><b>Clientes<\/b><b><\/b><\/p>\n<p class=\"p3\">- Art\u00edculo 6(1)(b) AVG: ejecuci\u00f3n de un contrato.<\/p>\n<p class=\"p4\"><b>Proveedores<\/b><b><\/b><\/p>\n<p class=\"p3\">- Art\u00edculo 6(1)(b) AVG: ejecuci\u00f3n de un contrato.<\/p>\n<p class=\"p4\"><b>Candidatos<\/b><b><\/b><\/p>\n<p class=\"p3\">- Art\u00edculo 6(1)(a) AVG: consentimiento del interesado.<\/p>\n<p class=\"p3\">La informaci\u00f3n solicitada es adecuada, pertinente y estrictamente necesaria. Usted no est\u00e1 obligado a facilitarla, pero no hacerlo puede afectar al servicio o hacer que no podamos prestarlo.<\/p>\n<h3><b><br \/>\u00bfCu\u00e1nto tiempo conservamos sus datos personales?<\/b><\/h3>\n<p class=\"p3\">Sus datos personales se conservar\u00e1n durante el tiempo necesario para la correcta prestaci\u00f3n de nuestros servicios y para el cumplimiento de las obligaciones legales derivadas de los mismos.<\/p>\n<h3><b><br \/>\u00bfA qu\u00e9 destinatarios se facilitar\u00e1n sus datos?<\/b><\/h3>\n<p class=\"p3\">Para la correcta prestaci\u00f3n de nuestros servicios, sus datos podr\u00e1n ser compartidos con notarios, abogados, aseguradoras, empresas de servicios p\u00fablicos, empresas de certificaci\u00f3n energ\u00e9tica y empresas de alquiler de veh\u00edculos.<\/p>\n<p class=\"p3\">Adem\u00e1s, en virtud de obligaciones legales o relaciones contractuales, sus datos podr\u00e1n ser facilitados a:<\/p>\n<p class=\"p3\">- Bancos e instituciones financieras para cobrar los pagos.<\/p>\n<p class=\"p3\">- Organismos gubernamentales con competencias en el \u00e1mbito de nuestras actividades, si as\u00ed lo exige la ley.<\/p>\n<h3><b><br \/>\u00bfSe realizan transferencias internacionales de datos?<\/b><\/h3>\n<p class=\"p3\">Utilizamos WhatsApp como medio de comunicaci\u00f3n con nuestros clientes. Esto puede implicar una transferencia internacional de datos personales, de acuerdo con la pol\u00edtica de privacidad de WhatsApp. El uso de WhatsApp por parte del cliente implica la aceptaci\u00f3n de esta pol\u00edtica de privacidad.<\/p>\n<p class=\"p3\">Adem\u00e1s, los datos pueden compartirse con Google LLC, Microsoft Inc. y Apple Inc. para su almacenamiento en la nube. Estas transferencias cuentan con las salvaguardias adecuadas mediante una decisi\u00f3n de adecuaci\u00f3n. Puede solicitar m\u00e1s informaci\u00f3n al respecto en info@cooimancapital.com.<\/p>\n<p class=\"p3\">Los datos tambi\u00e9n pueden compartirse con ActiveCampaign LLC (comunicaciones por correo electr\u00f3nico), Meta Platforms Technologies LLC (redes sociales), Monday.com Ltd (gesti\u00f3n de CRM), Slack Technologies Inc. y Zoom Video Communications Inc. (comunicaciones con los clientes).<\/p>\n<h3><b><br \/>\u00bfCu\u00e1les son sus derechos?<\/b><\/h3>\n<p class=\"p3\">Tienes derecho a:<\/p>\n<p class=\"p3\">- Acceda a sus datos personales.<\/p>\n<p class=\"p3\">- Rectifique o elimine sus datos.<\/p>\n<p class=\"p3\">- Oponerse al tratamiento.<\/p>\n<p class=\"p3\">- Solicitar la restricci\u00f3n del tratamiento.<\/p>\n<p class=\"p3\">- Transferir sus datos (portabilidad de datos).<\/p>\n<p class=\"p3\">- No ser objeto de una toma de decisiones exclusivamente automatizada.<\/p>\n<p class=\"p3\">Puede ejercer estos derechos poni\u00e9ndose en contacto con nosotros por escrito en la direcci\u00f3n reglamentaria o por correo electr\u00f3nico en info@cooimancapital.com.<\/p>\n<p class=\"p3\">Encontrar\u00e1 m\u00e1s informaci\u00f3n y formularios en el sitio web del regulador espa\u00f1ol: www.aepd.es.<\/p>\n<h3><b><br \/>\u00bfPuedo retirar mi consentimiento?<\/b><\/h3>\n<p class=\"p3\">S\u00ed, puede retirar su consentimiento a un tratamiento espec\u00edfico en cualquier momento, sin perjuicio de la legalidad del tratamiento basado en el consentimiento previo.<\/p>\n<h3><b><br \/>\u00bfD\u00f3nde puede presentar una queja?<\/b><\/h3>\n<p class=\"p3\">Si cree que sus datos personales no se est\u00e1n tratando correctamente o que sus derechos no se han gestionado adecuadamente, puede presentar una reclamaci\u00f3n ante el regulador competente. En Espa\u00f1a, es la Agencia Espa\u00f1ola de Protecci\u00f3n de Datos (AEPD), www.aepd.es.<\/p>\n<h3><b><br \/>Seguridad y actualizaci\u00f3n de sus datos<\/b><\/h3>\n<p class=\"p3\">Hemos adoptado las medidas t\u00e9cnicas y organizativas apropiadas para proteger sus datos personales contra la p\u00e9rdida, el uso indebido, el acceso no autorizado o la alteraci\u00f3n. Sin embargo, nunca puede garantizarse una seguridad absoluta.<\/p>\n<p class=\"p3\">Por favor, inf\u00f3rmenos si sus datos personales cambian para que podamos mantenerlos actualizados.<br \/><br \/><\/p>\n<h3><b>Confidencialidad<\/b><\/h3>\n<p class=\"p3\">Cooiman Capital Real Estate, S.L. trata sus datos personales con el m\u00e1ximo cuidado y confidencialidad. Sus datos ser\u00e1n compartidos con terceros s\u00f3lo cuando sea requerido por la ley o cuando usted haya dado su consentimiento expl\u00edcito.<\/p>\t\t\t\t\t\t\t\t<\/div>\n\t\t\t\t<\/div>\n\t\t\t\t\t<\/div>\n\t\t\t\t<\/div>\n\t\t\t\t<\/div>","protected":false},"excerpt":{"rendered":"<p>Privacybeleid Cooiman Capital In overeenstemming met de beginselen van rechtmatigheid, behoorlijkheid en transparantie stellen wij u hierbij ons Privacybeleid ter beschikking.\u00a0 Wie is verantwoordelijk voor de verwerking van uw gegevens? Verwerkingsverantwoordelijke Cooiman Capital Real Estate, S.L. NIF B19787175 Statutaire zetel Avda. Parque Selwo, calle Lima Local 1 29689 Estepona, M\u00e1laga Spanje Contact E-mail: info@cooimancapital.com Telefoon: [&hellip;]<\/p>\n","protected":false},"author":1,"featured_media":0,"parent":0,"menu_order":0,"comment_status":"closed","ping_status":"closed","template":"elementor_header_footer","meta":{"footnotes":""},"class_list":["post-3","page","type-page","status-publish","hentry"],"yoast_head":"<!-- This site is optimized with the Yoast SEO plugin v27.4 - https:\/\/yoast.com\/product\/yoast-seo-wordpress\/ -->\n<title>Privacybeleid - Cooiman Capital<\/title>\n<meta name=\"robots\" content=\"index, follow, max-snippet:-1, max-image-preview:large, max-video-preview:-1\" \/>\n<link rel=\"canonical\" href=\"https:\/\/www.cooimancapital.com\/es\/privacybeleid\/\" \/>\n<meta property=\"og:locale\" content=\"es_ES\" \/>\n<meta property=\"og:type\" content=\"article\" \/>\n<meta property=\"og:title\" content=\"Privacybeleid - Cooiman Capital\" \/>\n<meta property=\"og:description\" content=\"Privacybeleid Cooiman Capital In overeenstemming met de beginselen van rechtmatigheid, behoorlijkheid en transparantie stellen wij u hierbij ons Privacybeleid ter beschikking.\u00a0 Wie is verantwoordelijk voor de verwerking van uw gegevens? Verwerkingsverantwoordelijke Cooiman Capital Real Estate, S.L. NIF B19787175 Statutaire zetel Avda. Parque Selwo, calle Lima Local 1 29689 Estepona, M\u00e1laga Spanje Contact E-mail: info@cooimancapital.com Telefoon: [&hellip;]\" \/>\n<meta property=\"og:url\" content=\"https:\/\/www.cooimancapital.com\/es\/privacybeleid\/\" \/>\n<meta property=\"og:site_name\" content=\"Cooiman Capital\" \/>\n<meta property=\"article:modified_time\" content=\"2026-01-29T08:39:50+00:00\" \/>\n<meta name=\"twitter:card\" content=\"summary_large_image\" \/>\n<meta name=\"twitter:label1\" content=\"Tiempo de lectura\" \/>\n\t<meta name=\"twitter:data1\" content=\"4 minutos\" \/>\n<script type=\"application\/ld+json\" class=\"yoast-schema-graph\">{\"@context\":\"https:\\\/\\\/schema.org\",\"@graph\":[{\"@type\":\"WebPage\",\"@id\":\"https:\\\/\\\/www.cooimancapital.com\\\/privacybeleid\\\/\",\"url\":\"https:\\\/\\\/www.cooimancapital.com\\\/privacybeleid\\\/\",\"name\":\"Privacybeleid - Cooiman Capital\",\"isPartOf\":{\"@id\":\"https:\\\/\\\/www.cooimancapital.com\\\/#website\"},\"datePublished\":\"2024-10-17T08:22:35+00:00\",\"dateModified\":\"2026-01-29T08:39:50+00:00\",\"breadcrumb\":{\"@id\":\"https:\\\/\\\/www.cooimancapital.com\\\/privacybeleid\\\/#breadcrumb\"},\"inLanguage\":\"es\",\"potentialAction\":[{\"@type\":\"ReadAction\",\"target\":[\"https:\\\/\\\/www.cooimancapital.com\\\/privacybeleid\\\/\"]}]},{\"@type\":\"BreadcrumbList\",\"@id\":\"https:\\\/\\\/www.cooimancapital.com\\\/privacybeleid\\\/#breadcrumb\",\"itemListElement\":[{\"@type\":\"ListItem\",\"position\":1,\"name\":\"Home\",\"item\":\"https:\\\/\\\/www.cooimancapital.com\\\/\"},{\"@type\":\"ListItem\",\"position\":2,\"name\":\"Privacybeleid\"}]},{\"@type\":\"WebSite\",\"@id\":\"https:\\\/\\\/www.cooimancapital.com\\\/#website\",\"url\":\"https:\\\/\\\/www.cooimancapital.com\\\/\",\"name\":\"Cooiman Capital\",\"description\":\"Innovatieve renovatie- en development projecten.\",\"publisher\":{\"@id\":\"https:\\\/\\\/www.cooimancapital.com\\\/#organization\"},\"potentialAction\":[{\"@type\":\"SearchAction\",\"target\":{\"@type\":\"EntryPoint\",\"urlTemplate\":\"https:\\\/\\\/www.cooimancapital.com\\\/?s={search_term_string}\"},\"query-input\":{\"@type\":\"PropertyValueSpecification\",\"valueRequired\":true,\"valueName\":\"search_term_string\"}}],\"inLanguage\":\"es\"},{\"@type\":\"Organization\",\"@id\":\"https:\\\/\\\/www.cooimancapital.com\\\/#organization\",\"name\":\"Cooiman Capital\",\"url\":\"https:\\\/\\\/www.cooimancapital.com\\\/\",\"logo\":{\"@type\":\"ImageObject\",\"inLanguage\":\"es\",\"@id\":\"https:\\\/\\\/www.cooimancapital.com\\\/#\\\/schema\\\/logo\\\/image\\\/\",\"url\":\"https:\\\/\\\/www.cooimancapital.com\\\/wp-content\\\/uploads\\\/2024\\\/10\\\/Logomark.png\",\"contentUrl\":\"https:\\\/\\\/www.cooimancapital.com\\\/wp-content\\\/uploads\\\/2024\\\/10\\\/Logomark.png\",\"width\":1062,\"height\":370,\"caption\":\"Cooiman Capital\"},\"image\":{\"@id\":\"https:\\\/\\\/www.cooimancapital.com\\\/#\\\/schema\\\/logo\\\/image\\\/\"}}]}<\/script>\n<!-- \/ Yoast SEO plugin. -->","yoast_head_json":{"title":"Privacybeleid - Cooiman Capital","robots":{"index":"index","follow":"follow","max-snippet":"max-snippet:-1","max-image-preview":"max-image-preview:large","max-video-preview":"max-video-preview:-1"},"canonical":"https:\/\/www.cooimancapital.com\/es\/privacybeleid\/","og_locale":"es_ES","og_type":"article","og_title":"Privacybeleid - Cooiman Capital","og_description":"Privacybeleid Cooiman Capital In overeenstemming met de beginselen van rechtmatigheid, behoorlijkheid en transparantie stellen wij u hierbij ons Privacybeleid ter beschikking.\u00a0 Wie is verantwoordelijk voor de verwerking van uw gegevens? Verwerkingsverantwoordelijke Cooiman Capital Real Estate, S.L. NIF B19787175 Statutaire zetel Avda. Parque Selwo, calle Lima Local 1 29689 Estepona, M\u00e1laga Spanje Contact E-mail: info@cooimancapital.com Telefoon: [&hellip;]","og_url":"https:\/\/www.cooimancapital.com\/es\/privacybeleid\/","og_site_name":"Cooiman Capital","article_modified_time":"2026-01-29T08:39:50+00:00","twitter_card":"summary_large_image","twitter_misc":{"Tiempo de lectura":"4 minutos"},"schema":{"@context":"https:\/\/schema.org","@graph":[{"@type":"WebPage","@id":"https:\/\/www.cooimancapital.com\/privacybeleid\/","url":"https:\/\/www.cooimancapital.com\/privacybeleid\/","name":"Privacybeleid - Cooiman Capital","isPartOf":{"@id":"https:\/\/www.cooimancapital.com\/#website"},"datePublished":"2024-10-17T08:22:35+00:00","dateModified":"2026-01-29T08:39:50+00:00","breadcrumb":{"@id":"https:\/\/www.cooimancapital.com\/privacybeleid\/#breadcrumb"},"inLanguage":"es","potentialAction":[{"@type":"ReadAction","target":["https:\/\/www.cooimancapital.com\/privacybeleid\/"]}]},{"@type":"BreadcrumbList","@id":"https:\/\/www.cooimancapital.com\/privacybeleid\/#breadcrumb","itemListElement":[{"@type":"ListItem","position":1,"name":"Home","item":"https:\/\/www.cooimancapital.com\/"},{"@type":"ListItem","position":2,"name":"Privacybeleid"}]},{"@type":"WebSite","@id":"https:\/\/www.cooimancapital.com\/#website","url":"https:\/\/www.cooimancapital.com\/","name":"Cooiman Capital","description":"Proyectos innovadores de renovaci\u00f3n y desarrollo.","publisher":{"@id":"https:\/\/www.cooimancapital.com\/#organization"},"potentialAction":[{"@type":"SearchAction","target":{"@type":"EntryPoint","urlTemplate":"https:\/\/www.cooimancapital.com\/?s={search_term_string}"},"query-input":{"@type":"PropertyValueSpecification","valueRequired":true,"valueName":"search_term_string"}}],"inLanguage":"es"},{"@type":"Organization","@id":"https:\/\/www.cooimancapital.com\/#organization","name":"Cooiman Capital","url":"https:\/\/www.cooimancapital.com\/","logo":{"@type":"ImageObject","inLanguage":"es","@id":"https:\/\/www.cooimancapital.com\/#\/schema\/logo\/image\/","url":"https:\/\/www.cooimancapital.com\/wp-content\/uploads\/2024\/10\/Logomark.png","contentUrl":"https:\/\/www.cooimancapital.com\/wp-content\/uploads\/2024\/10\/Logomark.png","width":1062,"height":370,"caption":"Cooiman Capital"},"image":{"@id":"https:\/\/www.cooimancapital.com\/#\/schema\/logo\/image\/"}}]}},"_links":{"self":[{"href":"https:\/\/www.cooimancapital.com\/es\/wp-json\/wp\/v2\/pages\/3","targetHints":{"allow":["GET"]}}],"collection":[{"href":"https:\/\/www.cooimancapital.com\/es\/wp-json\/wp\/v2\/pages"}],"about":[{"href":"https:\/\/www.cooimancapital.com\/es\/wp-json\/wp\/v2\/types\/page"}],"author":[{"embeddable":true,"href":"https:\/\/www.cooimancapital.com\/es\/wp-json\/wp\/v2\/users\/1"}],"replies":[{"embeddable":true,"href":"https:\/\/www.cooimancapital.com\/es\/wp-json\/wp\/v2\/comments?post=3"}],"version-history":[{"count":0,"href":"https:\/\/www.cooimancapital.com\/es\/wp-json\/wp\/v2\/pages\/3\/revisions"}],"wp:attachment":[{"href":"https:\/\/www.cooimancapital.com\/es\/wp-json\/wp\/v2\/media?parent=3"}],"curies":[{"name":"wp","href":"https:\/\/api.w.org\/{rel}","templated":true}]}}